{"id":3,"date":"2020-04-23T17:17:43","date_gmt":"2020-04-23T17:17:43","guid":{"rendered":"https:\/\/einfachfotografieren.ch\/?page_id=3"},"modified":"2020-04-24T20:33:16","modified_gmt":"2020-04-24T20:33:16","slug":"impressum-datenschutz","status":"publish","type":"page","link":"https:\/\/einfachfotografieren.ch\/index.php\/impressum-datenschutz\/","title":{"rendered":"Impressum &#038; Datenschutz"},"content":{"rendered":"\n<h1>IMPRESSUM UND DATENSCHUTZ<\/h1>\n\n\n\n<div class=\"wp-block-group\"><div class=\"wp-block-group__inner-container\">\n<p><strong>Andrea Cathomas Jenny Photography<\/strong>,  <strong>Alter Kirchweg 24<\/strong>, <strong>5034 Suhr<\/strong>&nbsp;<\/p>\n<\/div><\/div>\n\n\n\n<p>andrea.cathomas@gmail.com&nbsp;<\/p>\n\n\n\n<p>HR-Nummer: CHE-330.464.021&nbsp;<\/p>\n\n\n\n<p><em>Haftungsausschluss<\/em><\/p>\n\n\n\n<p>&nbsp;Ich \u00fcbernehme keinerlei Gew\u00e4hr hinsichtlich der inhaltlichen Richtigkeit, Genauigkeit, Aktualit\u00e4t, Zuverl\u00e4ssigkeit und Vollst\u00e4ndigkeit der Informationen.&nbsp;Haftungsanspr\u00fcche gegen mich wegen Sch\u00e4den materieller oder immaterieller Art, welche aus dem Zugriff oder der Nutzung bzw. Nichtnutzung der ver\u00f6ffentlichten Informationen, durch Missbrauch der Verbindung oder durch technische St\u00f6rungen entstanden sind, werden ausgeschlossen.&nbsp;Alle Angebote sind unverbindlich. Ich behalte es mir ausdr\u00fccklich vor, Teile der Seiten oder das gesamte Angebot ohne gesonderte Ank\u00fcndigung zu ver\u00e4ndern, zu erg\u00e4nzen, zu l\u00f6schen oder die Ver\u00f6ffentlichung zeitweise oder endg\u00fcltig einzustellen.&nbsp;<\/p>\n\n\n\n<p><em>Datenschutz<\/em>&nbsp;<\/p>\n\n\n\n<p>Bei einem Besuch meiner Webseite erhebe ich keine personenbezogenen Daten. Personenbezogene Daten werden nur erhoben, wenn du mir diese selbst \u00fcber unser Kontaktformular mitteilst. Diese Daten werden ausschliesslich zur Beantwortung deines Anliegens genutzt und danach wieder gel\u00f6scht.<\/p>\n\n\n\n<p>Diese Website nutzt Google Analytics, einen Webananalysendienst der Google Inc.. Google Analytics verwendet \u00abCookies\u00bb, d.h. Textdateien, die auf dem Computer gespeichert werden um eine Analyse der Benutzung der Website zu erm\u00f6glichen. Google nutzt diese Informationen, um f\u00fcr mich meine Nutzung und Aktivit\u00e4ten der Website auszuwerten. Die im Rahmen von Google Analytics von deinem Browser \u00fcbermittelte IP-Adresse wird nicht mit anderen Daten von Google zusammengef\u00fchrt.<\/p>\n\n\n\n<p>Wenn du dich f\u00fcr meinen Newsletter mit deiner E-Mail-Adresse angemeldet hast, speichere und nutze ich deine E-Mail- Adresse f\u00fcr die Zustellung meines Newsletters mit Informationen und Werbung \u00fcber mich, bis du dich von meinem Newsletter abgemeldet hast. Eine Weitergabe deiner E-Mail-Adresse an Dritte erfolgt nicht und du kannst dich jederzeit von meinem Newsletter abmelden.<\/p>\n\n\n\n<p><\/p>\n","protected":false},"excerpt":{"rendered":"<p>IMPRESSUM UND DATENSCHUTZ andrea.cathomas@gmail.com&nbsp; HR-Nummer: CHE-330.464.021&nbsp; Haftungsausschluss &nbsp;Ich \u00fcbernehme keinerlei Gew\u00e4hr hinsichtlich der inhaltlichen Richtigkeit, Genauigkeit, Aktualit\u00e4t, Zuverl\u00e4ssigkeit und Vollst\u00e4ndigkeit der Informationen.&nbsp;Haftungsanspr\u00fcche gegen mich wegen Sch\u00e4den materieller oder immaterieller Art, welche aus dem Zugriff oder der Nutzung bzw. Nichtnutzung der ver\u00f6ffentlichten Informationen, durch Missbrauch der Verbindung oder durch technische St\u00f6rungen entstanden sind, werden ausgeschlossen.&nbsp;Alle Angebote...<\/p>\n","protected":false},"author":1,"featured_media":0,"parent":0,"menu_order":0,"comment_status":"closed","ping_status":"closed","template":"","meta":{"pp_embeds":"{}"},"_links":{"self":[{"href":"https:\/\/einfachfotografieren.ch\/index.php\/wp-json\/wp\/v2\/pages\/3"}],"collection":[{"href":"https:\/\/einfachfotografieren.ch\/index.php\/wp-json\/wp\/v2\/pages"}],"about":[{"href":"https:\/\/einfachfotografieren.ch\/index.php\/wp-json\/wp\/v2\/types\/page"}],"author":[{"embeddable":true,"href":"https:\/\/einfachfotografieren.ch\/index.php\/wp-json\/wp\/v2\/users\/1"}],"replies":[{"embeddable":true,"href":"https:\/\/einfachfotografieren.ch\/index.php\/wp-json\/wp\/v2\/comments?post=3"}],"version-history":[{"count":5,"href":"https:\/\/einfachfotografieren.ch\/index.php\/wp-json\/wp\/v2\/pages\/3\/revisions"}],"predecessor-version":[{"id":166,"href":"https:\/\/einfachfotografieren.ch\/index.php\/wp-json\/wp\/v2\/pages\/3\/revisions\/166"}],"wp:attachment":[{"href":"https:\/\/einfachfotografieren.ch\/index.php\/wp-json\/wp\/v2\/media?parent=3"}],"curies":[{"name":"wp","href":"https:\/\/api.w.org\/{rel}","templated":true}]}}